{"id":25,"date":"2020-11-25T18:20:55","date_gmt":"2020-11-25T17:20:55","guid":{"rendered":"http:\/\/lafumeebleue.com\/?page_id=25"},"modified":"2025-11-11T20:53:22","modified_gmt":"2025-11-11T19:53:22","slug":"accueil","status":"publish","type":"page","link":"https:\/\/lafumeebleue.fr\/","title":{"rendered":"Accueil"},"content":{"rendered":"\n<p class=\"has-text-color has-link-color has-medium-font-size wp-elements-22befc4d3725994001185b95639e575e\" style=\"color:#fbf4eb\">Bienvenue \u00e0 La Fum\u00e9e Bleue, cantine au fumoir et au feu de bois.<\/p>\n\n\n\n<p class=\"has-text-color has-link-color has-medium-font-size wp-elements-e70e8b82a2baadeb14b559d7372b4b6d\" style=\"color:#fbf4eb\"> La Fum\u00e9e Bleue se rend sur votre lieu de r\u00e9ception pour offrir une v\u00e9ritable cantine au fumoir \u00e0 vos invit\u00e9s. Vous serez surpris par des saveurs authentiques, r\u00e9v\u00e9l\u00e9es par une cuisson au feu de bois indirecte, lente et \u00e0 basse temp\u00e9rature. D\u00e9couvrez tout de suite ce concept atypique qui rassemble tous vos convives autour d&rsquo;un feu de bois.<\/p>\n\n\n\n<p class=\"has-text-color has-link-color has-medium-font-size wp-elements-683648a3b4c753888afbed078c43ef0d\" style=\"color:#fbf4eb\"><strong>Services propos\u00e9s<\/strong><\/p>\n\n\n\n<p class=\"has-text-color has-link-color has-medium-font-size wp-elements-0e9c05668eaf000a8a9cd66801a4c82d\" style=\"color:#fbf4eb\">Pr\u00e9par\u00e9e sous vos yeux dans un \u00ab smoker\u00bb (fumoir) mobile, la viande sera fondante et ravira vos papilles (cuisson entre 2h et 16h selon le produit). Les viandes, fromages et l\u00e9gumes propos\u00e9s proviennent de producteurs locaux. Les produits de saison sont privil\u00e9gi\u00e9s et tout est fait maison.<\/p>\n\n\n\n<p class=\"has-text-color has-link-color has-medium-font-size wp-elements-953a2fc662ae147022b8870db16d22f6\" style=\"color:#fbf4eb\">Le smoker est un \u00e9l\u00e9ment de d\u00e9coration \u00e0 lui seul, gr\u00e2ce \u00e0 son style vintage et fait main. Il saura surprendre vos invit\u00e9s. Cette cantine \u00e0 roulette peut \u00eatre modulable et permet de vous proposer des recettes originales et savoureuses pour le grand jour.<\/p>\n\n\n\n<p><\/p>\n","protected":false},"excerpt":{"rendered":"<p>Bienvenue \u00e0 La Fum\u00e9e Bleue, cantine au fumoir et au feu de bois. La Fum\u00e9e Bleue se rend sur votre lieu de r\u00e9ception pour offrir une v\u00e9ritable cantine au fumoir \u00e0 vos invit\u00e9s. Vous serez surpris par des saveurs authentiques, r\u00e9v\u00e9l\u00e9es par une cuisson au feu de bois indirecte, lente et \u00e0 basse temp\u00e9rature. D\u00e9couvrez &hellip; <\/p>\n<p class=\"link-more\"><a href=\"https:\/\/lafumeebleue.fr\/\" class=\"more-link\">Continuer la lecture<span class=\"screen-reader-text\"> de &laquo;&nbsp;Accueil&nbsp;&raquo;<\/span><\/a><\/p>\n","protected":false},"author":1,"featured_media":315,"parent":0,"menu_order":0,"comment_status":"closed","ping_status":"closed","template":"","meta":{"footnotes":""},"class_list":["post-25","page","type-page","status-publish","has-post-thumbnail","hentry"],"jetpack_sharing_enabled":true,"_links":{"self":[{"href":"https:\/\/lafumeebleue.fr\/index.php\/wp-json\/wp\/v2\/pages\/25","targetHints":{"allow":["GET"]}}],"collection":[{"href":"https:\/\/lafumeebleue.fr\/index.php\/wp-json\/wp\/v2\/pages"}],"about":[{"href":"https:\/\/lafumeebleue.fr\/index.php\/wp-json\/wp\/v2\/types\/page"}],"author":[{"embeddable":true,"href":"https:\/\/lafumeebleue.fr\/index.php\/wp-json\/wp\/v2\/users\/1"}],"replies":[{"embeddable":true,"href":"https:\/\/lafumeebleue.fr\/index.php\/wp-json\/wp\/v2\/comments?post=25"}],"version-history":[{"count":12,"href":"https:\/\/lafumeebleue.fr\/index.php\/wp-json\/wp\/v2\/pages\/25\/revisions"}],"predecessor-version":[{"id":302,"href":"https:\/\/lafumeebleue.fr\/index.php\/wp-json\/wp\/v2\/pages\/25\/revisions\/302"}],"wp:featuredmedia":[{"embeddable":true,"href":"https:\/\/lafumeebleue.fr\/index.php\/wp-json\/wp\/v2\/media\/315"}],"wp:attachment":[{"href":"https:\/\/lafumeebleue.fr\/index.php\/wp-json\/wp\/v2\/media?parent=25"}],"curies":[{"name":"wp","href":"https:\/\/api.w.org\/{rel}","templated":true}]}}